{"id":3129,"date":"2018-12-10T16:32:49","date_gmt":"2018-12-10T15:32:49","guid":{"rendered":"https:\/\/pristine.finance\/?page_id=3129\/"},"modified":"2024-05-23T18:43:21","modified_gmt":"2024-05-23T16:43:21","slug":"compliance","status":"publish","type":"page","link":"https:\/\/pristine.finance\/en\/compliance\/","title":{"rendered":"Compliance"},"content":{"rendered":"[spb_row element_name=&#8221;Row&#8221; wrap_type=&#8221;standard-width&#8221; row_bg_type=&#8221;color&#8221; color_row_height=&#8221;content-height&#8221; bg_type=&#8221;cover&#8221; parallax_image_height=&#8221;content-height&#8221; parallax_image_movement=&#8221;fixed&#8221; parallax_image_speed=&#8221;standard&#8221; bg_video_loop=&#8221;yes&#8221; parallax_video_height=&#8221;window-height&#8221; row_top_style=&#8221;none&#8221; row_bottom_style=&#8221;none&#8221; parallax_video_overlay=&#8221;none&#8221; row_overlay_opacity=&#8221;0&#8243; remove_element_spacing=&#8221;no&#8221; row_col_spacing=&#8221;0&#8243; row_col_pos=&#8221;default&#8221; row_col_equal_heights=&#8221;no&#8221; row_expanding=&#8221;no&#8221; row_animation=&#8221;none&#8221; row_animation_delay=&#8221;0&#8243; minimize_row=&#8221;no&#8221; simplified_controls=&#8221;yes&#8221; custom_css_percentage=&#8221;no&#8221; custom_css=&#8221;margin-top: 0px;margin-bottom: 0px;&#8221; border_styling_global=&#8221;default&#8221; el_class=&#8221;content_row&#8221; width=&#8221;1\/1&#8243; el_position=&#8221;first last&#8221;] [spb_column col_sm=&#8221;6&#8243; padding_horizontal=&#8221;0&#8243; width=&#8221;1\/2&#8243; el_position=&#8221;first&#8221;] [spb_text_block animation=&#8221;none&#8221; animation_delay=&#8221;0&#8243; simplified_controls=&#8221;yes&#8221; custom_css_percentage=&#8221;no&#8221; padding_vertical=&#8221;0&#8243; padding_horizontal=&#8221;0&#8243; margin_vertical=&#8221;0&#8243; custom_css=&#8221;margin-top: 0px;margin-bottom: 0px;&#8221; border_size=&#8221;0&#8243; border_styling_global=&#8221;default&#8221; width=&#8221;1\/1&#8243; el_position=&#8221;first last&#8221;]\n<h3>How the firm is structured<\/h3>\n<hr \/>\n<h5>Pristine :<\/h5>\n<ul>\n<li>is an asset management firm, authorized and regulated by l\u2019Autorit\u00e9 des march\u00e9s financiers (AMF) under the number GP-16000035,<\/li>\n<li>is fully owned by <a href=\"https:\/\/glas.agency\/fr-en\/\">the Glas Group<\/a>, a global leader in debt administration services. Glas SAS is regulated by the Autorit\u00e9 de contr\u00f4le prudentiel et de r\u00e9solution (ACPR).<\/li>\n<li>is a signatory of the Principles for Responsible Investment (PRI), which encourages the fight against tax evasion and corruption and advocates corporate ownership transparency.<\/li>\n<li>is the first Fiduciaire in France to to have received the <a href=\"https:\/\/www.iso.org\/home.html\">ISO 9001 Certification<\/a> from <a href=\"https:\/\/group.bureauveritas.com\/\">Bureau Veritas<\/a>.<\/li>\n<\/ul>\n<hr \/>\n<h5>Pristine\u2019s eco-system is built upon :<\/h5>\n<ul>\n<li>a partial delegation of compliance and internal control (permanent control of 2nd level and periodic control) entrusted to an independant audit firm,<\/li>\n<li>one public accountant firm and one independant statutory auditor,<\/li>\n<li>commercial relationships with top tier French financial institutions, for both custody and banking services,<\/li>\n<li>partnerships with regulated institutions, all supervised by either the AMF or the ACPR.<\/li>\n<\/ul>\n<hr \/>\n<h5>Fiducie is an onshore tool:<\/h5>\n<ul>\n<li>Fiducies, according to French Civil code, have to be declared to French administration and registered with the French tax autority, formalities that Pristine\u2019s carries out itself.<\/li>\n<li>Settlors and beneficiaries of fiducies are designated as b\u00e9n\u00e9ficiaires effectifs according to EU anti-money laundering Directive and to the French monetary and financial Code. They are subject to exhaustive KYC disclosure requirements, with a level of viligiance dependent of risks linked to the parties and to the transaction.<\/li>\n<\/ul>\n[\/spb_text_block] [\/spb_column] [spb_column col_sm=&#8221;6&#8243; padding_horizontal=&#8221;0&#8243; width=&#8221;1\/2&#8243; el_position=&#8221;last&#8221;] [spb_text_block animation=&#8221;none&#8221; animation_delay=&#8221;0&#8243; simplified_controls=&#8221;yes&#8221; custom_css_percentage=&#8221;no&#8221; padding_vertical=&#8221;0&#8243; padding_horizontal=&#8221;0&#8243; margin_vertical=&#8221;0&#8243; custom_css=&#8221;margin-top: 0px;margin-bottom: 0px;&#8221; border_size=&#8221;0&#8243; border_styling_global=&#8221;default&#8221; width=&#8221;1\/1&#8243; el_position=&#8221;first last&#8221;]\n<h3>How we do business<\/h3>\n<p>Regulatory compliance and internal control are the structural elements of an activity of fiduciaire. This business can not exist wihtout such backbones as it would ultimately expose parties to an unacceptable reputational risk. Necessary conditions are therefore the transparency of the fiduciaire and the robustness of its internal processes.<\/p>\n<p>Pristine embodies these notions at leadership level by putting its partners in charge of essential regulatory functions. Senior leaders of the firm are acting as Chief Compliance Officier (RCCI \u2013 Responsable du Contr\u00f4le et de la Conformit\u00e9 Interne), TRACFIN correspondant and Chief Risk Officer. Moreover, the firm is accompanied by several leading expert compliance firms.<\/p>\n<p>Pristine internal organisation is also defined by the involvement of each of our employees in the management of our policies and processes. Our code of conduct encompasses the sum of our governing principles. This code is formally accepted each year by each of our employees as a condition for employment.<\/p>\n<p>Compliance and control imperatives extend to business partners of Pristine, which, acting as PSEE (Prestataires de Service Essentiels Externalis\u00e9s) or provider of financial services regulated by a French regulator, are bound to conform to equivalent rules.<\/p>\n<p>In this way, fiducie benefits from an operational framework which forms the basis for its righteous use.<\/p>\n<hr \/>\n<blockquote>\n<p style=\"text-align: left;\">Fiducie is a securing tool. To work as such, it has to be managed by irreproachable actors.<\/p>\n<\/blockquote>\n<hr \/>\n<p>&nbsp;<\/p>\n[\/spb_text_block] [\/spb_column] [\/spb_row]\n","protected":false},"excerpt":{"rendered":"<p>[spb_row element_name=&#8221;Row&#8221; wrap_type=&#8221;standard-width&#8221; row_bg_type=&#8221;color&#8221; color_row_height=&#8221;content-height&#8221; bg_type=&#8221;cover&#8221; parallax_image_height=&#8221;content-height&#8221; parallax_image_movement=&#8221;fixed&#8221; parallax_image_speed=&#8221;standard&#8221; bg_video_loop=&#8221;yes&#8221; parallax_video_height=&#8221;window-height&#8221; row_top_style=&#8221;none&#8221; row_bottom_style=&#8221;none&#8221; parallax_video_overlay=&#8221;none&#8221; row_overlay_opacity=&#8221;0&#8243; remove_element_spacing=&#8221;no&#8221; row_col_spacing=&#8221;0&#8243; row_col_pos=&#8221;default&#8221; row_col_equal_heights=&#8221;no&#8221; row_expanding=&#8221;no&#8221; row_animation=&#8221;none&#8221; row_animation_delay=&#8221;0&#8243; minimize_row=&#8221;no&#8221; simplified_controls=&#8221;yes&#8221; custom_css_percentage=&#8221;no&#8221; custom_css=&#8221;margin-top: 0px;margin-bottom: 0px;&#8221; border_styling_global=&#8221;default&#8221; el_class=&#8221;content_row&#8221; width=&#8221;1\/1&#8243; el_position=&#8221;first last&#8221;] [spb_column col_sm=&#8221;6&#8243; padding_horizontal=&#8221;0&#8243; width=&#8221;1\/2&#8243; el_position=&#8221;first&#8221;] [spb_text_block animation=&#8221;none&#8221; animation_delay=&#8221;0&#8243; simplified_controls=&#8221;yes&#8221; custom_css_percentage=&#8221;no&#8221; padding_vertical=&#8221;0&#8243; padding_horizontal=&#8221;0&#8243; margin_vertical=&#8221;0&#8243; custom_css=&#8221;margin-top: 0px;margin-bottom: 0px;&#8221; border_size=&#8221;0&#8243; border_styling_global=&#8221;default&#8221; width=&#8221;1\/1&#8243; el_position=&#8221;first last&#8221;] How the firm is structured Pristine [&hellip;]<\/p>\n","protected":false},"author":2,"featured_media":0,"parent":0,"menu_order":0,"comment_status":"closed","ping_status":"closed","template":"","meta":{"footnotes":""},"class_list":["post-3129","page","type-page","status-publish","hentry"],"yoast_head":"<!-- This site is optimized with the Yoast SEO plugin v22.3 - https:\/\/yoast.com\/wordpress\/plugins\/seo\/ -->\n<title>Compliance - Pristine<\/title>\n<meta name=\"robots\" content=\"index, follow, max-snippet:-1, max-image-preview:large, max-video-preview:-1\" \/>\n<link rel=\"canonical\" href=\"https:\/\/pristine.finance\/en\/compliance\/\" \/>\n<meta property=\"og:locale\" content=\"en_US\" \/>\n<meta property=\"og:type\" content=\"article\" \/>\n<meta property=\"og:title\" content=\"Compliance - Pristine\" \/>\n<meta property=\"og:description\" content=\"[spb_row element_name=&#8221;Row&#8221; wrap_type=&#8221;standard-width&#8221; row_bg_type=&#8221;color&#8221; color_row_height=&#8221;content-height&#8221; bg_type=&#8221;cover&#8221; parallax_image_height=&#8221;content-height&#8221; parallax_image_movement=&#8221;fixed&#8221; parallax_image_speed=&#8221;standard&#8221; bg_video_loop=&#8221;yes&#8221; parallax_video_height=&#8221;window-height&#8221; row_top_style=&#8221;none&#8221; row_bottom_style=&#8221;none&#8221; parallax_video_overlay=&#8221;none&#8221; row_overlay_opacity=&#8221;0&#8243; remove_element_spacing=&#8221;no&#8221; row_col_spacing=&#8221;0&#8243; row_col_pos=&#8221;default&#8221; row_col_equal_heights=&#8221;no&#8221; row_expanding=&#8221;no&#8221; row_animation=&#8221;none&#8221; row_animation_delay=&#8221;0&#8243; minimize_row=&#8221;no&#8221; simplified_controls=&#8221;yes&#8221; custom_css_percentage=&#8221;no&#8221; custom_css=&#8221;margin-top: 0px;margin-bottom: 0px;&#8221; border_styling_global=&#8221;default&#8221; el_class=&#8221;content_row&#8221; width=&#8221;1\/1&#8243; el_position=&#8221;first last&#8221;] [spb_column col_sm=&#8221;6&#8243; padding_horizontal=&#8221;0&#8243; width=&#8221;1\/2&#8243; el_position=&#8221;first&#8221;] [spb_text_block animation=&#8221;none&#8221; animation_delay=&#8221;0&#8243; simplified_controls=&#8221;yes&#8221; custom_css_percentage=&#8221;no&#8221; padding_vertical=&#8221;0&#8243; padding_horizontal=&#8221;0&#8243; margin_vertical=&#8221;0&#8243; custom_css=&#8221;margin-top: 0px;margin-bottom: 0px;&#8221; border_size=&#8221;0&#8243; border_styling_global=&#8221;default&#8221; width=&#8221;1\/1&#8243; el_position=&#8221;first last&#8221;] How the firm is structured Pristine [&hellip;]\" \/>\n<meta property=\"og:url\" content=\"https:\/\/pristine.finance\/en\/compliance\/\" \/>\n<meta property=\"og:site_name\" content=\"Pristine\" \/>\n<meta property=\"article:modified_time\" content=\"2024-05-23T16:43:21+00:00\" \/>\n<meta name=\"twitter:card\" content=\"summary_large_image\" \/>\n<meta name=\"twitter:label1\" content=\"Est. reading time\" \/>\n\t<meta name=\"twitter:data1\" content=\"3 minutes\" \/>\n<script type=\"application\/ld+json\" class=\"yoast-schema-graph\">{\"@context\":\"https:\/\/schema.org\",\"@graph\":[{\"@type\":\"WebPage\",\"@id\":\"https:\/\/pristine.finance\/en\/compliance\/\",\"url\":\"https:\/\/pristine.finance\/en\/compliance\/\",\"name\":\"Compliance - Pristine\",\"isPartOf\":{\"@id\":\"https:\/\/pristine.finance\/#website\"},\"datePublished\":\"2018-12-10T15:32:49+00:00\",\"dateModified\":\"2024-05-23T16:43:21+00:00\",\"breadcrumb\":{\"@id\":\"https:\/\/pristine.finance\/en\/compliance\/#breadcrumb\"},\"inLanguage\":\"en-US\",\"potentialAction\":[{\"@type\":\"ReadAction\",\"target\":[\"https:\/\/pristine.finance\/en\/compliance\/\"]}]},{\"@type\":\"BreadcrumbList\",\"@id\":\"https:\/\/pristine.finance\/en\/compliance\/#breadcrumb\",\"itemListElement\":[{\"@type\":\"ListItem\",\"position\":1,\"name\":\"Accueil\",\"item\":\"https:\/\/pristine.finance\/en\/\"},{\"@type\":\"ListItem\",\"position\":2,\"name\":\"Compliance\"}]},{\"@type\":\"WebSite\",\"@id\":\"https:\/\/pristine.finance\/#website\",\"url\":\"https:\/\/pristine.finance\/\",\"name\":\"Pristine\",\"description\":\"Fiducies & Fonds\",\"potentialAction\":[{\"@type\":\"SearchAction\",\"target\":{\"@type\":\"EntryPoint\",\"urlTemplate\":\"https:\/\/pristine.finance\/?s={search_term_string}\"},\"query-input\":\"required name=search_term_string\"}],\"inLanguage\":\"en-US\"}]}<\/script>\n<!-- \/ Yoast SEO plugin. -->","yoast_head_json":{"title":"Compliance - Pristine","robots":{"index":"index","follow":"follow","max-snippet":"max-snippet:-1","max-image-preview":"max-image-preview:large","max-video-preview":"max-video-preview:-1"},"canonical":"https:\/\/pristine.finance\/en\/compliance\/","og_locale":"en_US","og_type":"article","og_title":"Compliance - Pristine","og_description":"[spb_row element_name=&#8221;Row&#8221; wrap_type=&#8221;standard-width&#8221; row_bg_type=&#8221;color&#8221; color_row_height=&#8221;content-height&#8221; bg_type=&#8221;cover&#8221; parallax_image_height=&#8221;content-height&#8221; parallax_image_movement=&#8221;fixed&#8221; parallax_image_speed=&#8221;standard&#8221; bg_video_loop=&#8221;yes&#8221; parallax_video_height=&#8221;window-height&#8221; row_top_style=&#8221;none&#8221; row_bottom_style=&#8221;none&#8221; parallax_video_overlay=&#8221;none&#8221; row_overlay_opacity=&#8221;0&#8243; remove_element_spacing=&#8221;no&#8221; row_col_spacing=&#8221;0&#8243; row_col_pos=&#8221;default&#8221; row_col_equal_heights=&#8221;no&#8221; row_expanding=&#8221;no&#8221; row_animation=&#8221;none&#8221; row_animation_delay=&#8221;0&#8243; minimize_row=&#8221;no&#8221; simplified_controls=&#8221;yes&#8221; custom_css_percentage=&#8221;no&#8221; custom_css=&#8221;margin-top: 0px;margin-bottom: 0px;&#8221; border_styling_global=&#8221;default&#8221; el_class=&#8221;content_row&#8221; width=&#8221;1\/1&#8243; el_position=&#8221;first last&#8221;] [spb_column col_sm=&#8221;6&#8243; padding_horizontal=&#8221;0&#8243; width=&#8221;1\/2&#8243; el_position=&#8221;first&#8221;] [spb_text_block animation=&#8221;none&#8221; animation_delay=&#8221;0&#8243; simplified_controls=&#8221;yes&#8221; custom_css_percentage=&#8221;no&#8221; padding_vertical=&#8221;0&#8243; padding_horizontal=&#8221;0&#8243; margin_vertical=&#8221;0&#8243; custom_css=&#8221;margin-top: 0px;margin-bottom: 0px;&#8221; border_size=&#8221;0&#8243; border_styling_global=&#8221;default&#8221; width=&#8221;1\/1&#8243; el_position=&#8221;first last&#8221;] How the firm is structured Pristine [&hellip;]","og_url":"https:\/\/pristine.finance\/en\/compliance\/","og_site_name":"Pristine","article_modified_time":"2024-05-23T16:43:21+00:00","twitter_card":"summary_large_image","twitter_misc":{"Est. reading time":"3 minutes"},"schema":{"@context":"https:\/\/schema.org","@graph":[{"@type":"WebPage","@id":"https:\/\/pristine.finance\/en\/compliance\/","url":"https:\/\/pristine.finance\/en\/compliance\/","name":"Compliance - Pristine","isPartOf":{"@id":"https:\/\/pristine.finance\/#website"},"datePublished":"2018-12-10T15:32:49+00:00","dateModified":"2024-05-23T16:43:21+00:00","breadcrumb":{"@id":"https:\/\/pristine.finance\/en\/compliance\/#breadcrumb"},"inLanguage":"en-US","potentialAction":[{"@type":"ReadAction","target":["https:\/\/pristine.finance\/en\/compliance\/"]}]},{"@type":"BreadcrumbList","@id":"https:\/\/pristine.finance\/en\/compliance\/#breadcrumb","itemListElement":[{"@type":"ListItem","position":1,"name":"Accueil","item":"https:\/\/pristine.finance\/en\/"},{"@type":"ListItem","position":2,"name":"Compliance"}]},{"@type":"WebSite","@id":"https:\/\/pristine.finance\/#website","url":"https:\/\/pristine.finance\/","name":"Pristine","description":"Fiducies & Fonds","potentialAction":[{"@type":"SearchAction","target":{"@type":"EntryPoint","urlTemplate":"https:\/\/pristine.finance\/?s={search_term_string}"},"query-input":"required name=search_term_string"}],"inLanguage":"en-US"}]}},"_links":{"self":[{"href":"https:\/\/pristine.finance\/en\/wp-json\/wp\/v2\/pages\/3129","targetHints":{"allow":["GET"]}}],"collection":[{"href":"https:\/\/pristine.finance\/en\/wp-json\/wp\/v2\/pages"}],"about":[{"href":"https:\/\/pristine.finance\/en\/wp-json\/wp\/v2\/types\/page"}],"author":[{"embeddable":true,"href":"https:\/\/pristine.finance\/en\/wp-json\/wp\/v2\/users\/2"}],"replies":[{"embeddable":true,"href":"https:\/\/pristine.finance\/en\/wp-json\/wp\/v2\/comments?post=3129"}],"version-history":[{"count":13,"href":"https:\/\/pristine.finance\/en\/wp-json\/wp\/v2\/pages\/3129\/revisions"}],"predecessor-version":[{"id":5184,"href":"https:\/\/pristine.finance\/en\/wp-json\/wp\/v2\/pages\/3129\/revisions\/5184"}],"wp:attachment":[{"href":"https:\/\/pristine.finance\/en\/wp-json\/wp\/v2\/media?parent=3129"}],"curies":[{"name":"wp","href":"https:\/\/api.w.org\/{rel}","templated":true}]}}