{"id":1714,"date":"2017-03-10T11:45:34","date_gmt":"2017-03-10T10:45:34","guid":{"rendered":"https:\/\/pristine.finance\/asset-management\/"},"modified":"2017-03-10T14:46:16","modified_gmt":"2017-03-10T13:46:16","slug":"asset-management","status":"publish","type":"page","link":"https:\/\/pristine.finance\/en\/asset-management\/","title":{"rendered":"Asset Management"},"content":{"rendered":"[spb_text_block animation=&#8221;none&#8221; animation_delay=&#8221;0&#8243; simplified_controls=&#8221;no&#8221; custom_css_percentage=&#8221;no&#8221; padding_vertical=&#8221;0&#8243; padding_horizontal=&#8221;0&#8243; margin_vertical=&#8221;0&#8243; custom_css=&#8221;margin-top: 0px;margin-bottom: 0px;padding-top: 10px;&#8221; border_size=&#8221;0&#8243; border_styling_global=&#8221;default&#8221; width=&#8221;1\/1&#8243; el_position=&#8221;first last&#8221;]\n<h4><span style=\"color: #f04625;\">Une soci\u00e9t\u00e9 de gestion novatrice<\/span><\/h4>\n<p>Solutions Fiducie est une soci\u00e9t\u00e9 de gestion, agr\u00e9ee par l\u2019Autorit\u00e9 des March\u00e9s Financiers (AMF), sous le num\u00e9ro GP-16000035 en date du 28\/12\/2016. Solutions Fiducie propose aux investisseurs professionnels des services de gestion sous mandat et de gestion collective. \u00a0Ces derniers incluent des Fonds d\u2019Investissement Alternatifs (FIA), labellis\u00e9s Fonds de Pr\u00eats \u00e0 l\u2019\u00c9conomie (FPE), d\u00e9di\u00e9s au financement d\u2019entreprises fran\u00e7aises. Solutions Fiducie\u00a0est une des toutes premi\u00e8res soci\u00e9t\u00e9s de gestion en France b\u00e9n\u00e9ficiant d\u2019un agr\u00e9ment \u00ab\u00a0octroi de pr\u00eats\u00a0\u00bb qui lui permet de participer au financement de l\u2019\u00e9conomie aux c\u00f4t\u00e9s des \u00e9tablissements de cr\u00e9dit.<\/p>\n<h4><span style=\"color: #f04625;\">D\u00e9ployer l\u2019acc\u00e8s au cr\u00e9dit et offrir un rapport rendement\u00a0\/ risque\u00a0singulier<\/span><\/h4>\n<p>Les fonds g\u00e9r\u00e9s par Solutions Fiducie sont d\u00e9di\u00e9s au financement des entreprises fran\u00e7aises. \u00a0Les financements sont accord\u00e9s en contrepartie d\u2019un actif remis en fiducie par l\u2019emprunteur, qui constitue ainsi une s\u00fbret\u00e9 garantissant la valeur de sa dette. \u00a0La collat\u00e9ralisation fiduciaire sert de rehaussement de cr\u00e9dit et fonctionne d\u2019une fa\u00e7on particuli\u00e8rement robuste. \u00a0Elle permet ainsi de servir des emprunteurs aux profils plus divers et sur des dur\u00e9es\u00a0coh\u00e9rentes avec leur cycle d\u2019exploitation. \u00a0Cela se traduit pour l\u2019investisseur par un couple rendement \/ risque original.<\/p>\n<h4><span style=\"color: #f04625;\">Une gestion au service\u00a0du tissu \u00e9conomique et social<\/span><\/h4>\n<p>Solutions Fiducie est signataire des <em>Principles for Responsible Investment<\/em> (PRI) parrain\u00e9s par l\u2019ONU. \u00a0La soci\u00e9t\u00e9 a choisi d\u2019adh\u00e9rer \u00e0 ces principes, aussi bien pour ses activit\u00e9s de gestion d\u2019actifs que pour ses activit\u00e9s de fiduciaire. [\/spb_text_block] [spb_text_block animation=&#8221;none&#8221; animation_delay=&#8221;0&#8243; simplified_controls=&#8221;no&#8221; custom_css_percentage=&#8221;no&#8221; padding_vertical=&#8221;0&#8243; padding_horizontal=&#8221;0&#8243; margin_vertical=&#8221;0&#8243; custom_css=&#8221;margin-top: 0px;margin-bottom: 0px;padding-right: 75px;&#8221; border_size=&#8221;0&#8243; border_styling_global=&#8221;default&#8221; width=&#8221;2\/3&#8243; el_position=&#8221;first&#8221;] La fiducie est un outil essentiel dans le financement du tissu \u00e9conomique et la protection de l\u2019emploi car elle permet aux emprunteurs de b\u00e9n\u00e9ficier de termes de financements que les canaux traditionnels n\u2019offrent pas. La fiducie est aussi un outil d\u00e9terminant dans la structuration de projets ayant un axe environnemental, social ou de bonne gouvernance (ESG), permettant d\u2019isoler les actifs qui y seront exclusivement d\u00e9di\u00e9s, m\u00eame en cas d\u2019insolvabilit\u00e9 future. [\/spb_text_block] [spb_image image=&#8221;1476&#8243; image_size=&#8221;full&#8221; frame=&#8221;noframe&#8221; caption_pos=&#8221;hover&#8221; remove_rounded=&#8221;yes&#8221; fullwidth=&#8221;no&#8221; overflow_mode=&#8221;none&#8221; link_target=&#8221;_self&#8221; lightbox=&#8221;no&#8221; intro_animation=&#8221;none&#8221; animation_delay=&#8221;200&#8243; width=&#8221;1\/3&#8243; el_position=&#8221;last&#8221;] [spb_text_block animation=&#8221;none&#8221; animation_delay=&#8221;0&#8243; simplified_controls=&#8221;no&#8221; custom_css_percentage=&#8221;no&#8221; padding_vertical=&#8221;0&#8243; padding_horizontal=&#8221;0&#8243; margin_vertical=&#8221;0&#8243; custom_css=&#8221;margin-top: 0px;margin-bottom: 0px;padding-top: 40px;&#8221; border_size=&#8221;0&#8243; border_styling_global=&#8221;default&#8221; width=&#8221;1\/1&#8243; el_position=&#8221;first last&#8221;] L&#8217;offre de gestion de Solutions Fiducie s&#8217;adresse exclusivement \u00e0 des investisseurs professionnels au sens de la directive MIF. \u00a0Pour toute demande d&#8217;information : <a href=\"mailto:contact@pristine.finance\">contact@pristine.finance<\/a> [\/spb_text_block]\n","protected":false},"excerpt":{"rendered":"<p>[spb_text_block animation=&#8221;none&#8221; animation_delay=&#8221;0&#8243; simplified_controls=&#8221;no&#8221; custom_css_percentage=&#8221;no&#8221; padding_vertical=&#8221;0&#8243; padding_horizontal=&#8221;0&#8243; margin_vertical=&#8221;0&#8243; custom_css=&#8221;margin-top: 0px;margin-bottom: 0px;padding-top: 10px;&#8221; border_size=&#8221;0&#8243; border_styling_global=&#8221;default&#8221; width=&#8221;1\/1&#8243; el_position=&#8221;first last&#8221;] Une soci\u00e9t\u00e9 de gestion novatrice Solutions Fiducie est une soci\u00e9t\u00e9 de gestion, agr\u00e9ee par l\u2019Autorit\u00e9 des March\u00e9s Financiers (AMF), sous le num\u00e9ro GP-16000035 en date du 28\/12\/2016. Solutions Fiducie propose aux investisseurs professionnels des services de gestion sous mandat et de gestion collective. [&hellip;]<\/p>\n","protected":false},"author":1,"featured_media":0,"parent":0,"menu_order":0,"comment_status":"closed","ping_status":"closed","template":"","meta":{"footnotes":""},"class_list":["post-1714","page","type-page","status-publish","hentry"],"yoast_head":"<!-- This site is optimized with the Yoast SEO plugin v22.3 - https:\/\/yoast.com\/wordpress\/plugins\/seo\/ -->\n<title>Asset Management - Pristine<\/title>\n<meta name=\"robots\" content=\"index, follow, max-snippet:-1, max-image-preview:large, max-video-preview:-1\" \/>\n<link rel=\"canonical\" href=\"https:\/\/pristine.finance\/en\/asset-management\/\" \/>\n<meta property=\"og:locale\" content=\"en_US\" \/>\n<meta property=\"og:type\" content=\"article\" \/>\n<meta property=\"og:title\" content=\"Asset Management - Pristine\" \/>\n<meta property=\"og:description\" content=\"[spb_text_block animation=&#8221;none&#8221; animation_delay=&#8221;0&#8243; simplified_controls=&#8221;no&#8221; custom_css_percentage=&#8221;no&#8221; padding_vertical=&#8221;0&#8243; padding_horizontal=&#8221;0&#8243; margin_vertical=&#8221;0&#8243; custom_css=&#8221;margin-top: 0px;margin-bottom: 0px;padding-top: 10px;&#8221; border_size=&#8221;0&#8243; border_styling_global=&#8221;default&#8221; width=&#8221;1\/1&#8243; el_position=&#8221;first last&#8221;] Une soci\u00e9t\u00e9 de gestion novatrice Solutions Fiducie est une soci\u00e9t\u00e9 de gestion, agr\u00e9ee par l\u2019Autorit\u00e9 des March\u00e9s Financiers (AMF), sous le num\u00e9ro GP-16000035 en date du 28\/12\/2016. Solutions Fiducie propose aux investisseurs professionnels des services de gestion sous mandat et de gestion collective. [&hellip;]\" \/>\n<meta property=\"og:url\" content=\"https:\/\/pristine.finance\/en\/asset-management\/\" \/>\n<meta property=\"og:site_name\" content=\"Pristine\" \/>\n<meta property=\"article:modified_time\" content=\"2017-03-10T13:46:16+00:00\" \/>\n<meta name=\"twitter:card\" content=\"summary_large_image\" \/>\n<meta name=\"twitter:label1\" content=\"Est. reading time\" \/>\n\t<meta name=\"twitter:data1\" content=\"3 minutes\" \/>\n<script type=\"application\/ld+json\" class=\"yoast-schema-graph\">{\"@context\":\"https:\/\/schema.org\",\"@graph\":[{\"@type\":\"WebPage\",\"@id\":\"https:\/\/pristine.finance\/en\/asset-management\/\",\"url\":\"https:\/\/pristine.finance\/en\/asset-management\/\",\"name\":\"Asset Management - Pristine\",\"isPartOf\":{\"@id\":\"https:\/\/pristine.finance\/#website\"},\"datePublished\":\"2017-03-10T10:45:34+00:00\",\"dateModified\":\"2017-03-10T13:46:16+00:00\",\"breadcrumb\":{\"@id\":\"https:\/\/pristine.finance\/en\/asset-management\/#breadcrumb\"},\"inLanguage\":\"en-US\",\"potentialAction\":[{\"@type\":\"ReadAction\",\"target\":[\"https:\/\/pristine.finance\/en\/asset-management\/\"]}]},{\"@type\":\"BreadcrumbList\",\"@id\":\"https:\/\/pristine.finance\/en\/asset-management\/#breadcrumb\",\"itemListElement\":[{\"@type\":\"ListItem\",\"position\":1,\"name\":\"Accueil\",\"item\":\"https:\/\/pristine.finance\/en\/\"},{\"@type\":\"ListItem\",\"position\":2,\"name\":\"Asset Management\"}]},{\"@type\":\"WebSite\",\"@id\":\"https:\/\/pristine.finance\/#website\",\"url\":\"https:\/\/pristine.finance\/\",\"name\":\"Pristine\",\"description\":\"Fiducies & Fonds\",\"potentialAction\":[{\"@type\":\"SearchAction\",\"target\":{\"@type\":\"EntryPoint\",\"urlTemplate\":\"https:\/\/pristine.finance\/?s={search_term_string}\"},\"query-input\":\"required name=search_term_string\"}],\"inLanguage\":\"en-US\"}]}<\/script>\n<!-- \/ Yoast SEO plugin. -->","yoast_head_json":{"title":"Asset Management - Pristine","robots":{"index":"index","follow":"follow","max-snippet":"max-snippet:-1","max-image-preview":"max-image-preview:large","max-video-preview":"max-video-preview:-1"},"canonical":"https:\/\/pristine.finance\/en\/asset-management\/","og_locale":"en_US","og_type":"article","og_title":"Asset Management - Pristine","og_description":"[spb_text_block animation=&#8221;none&#8221; animation_delay=&#8221;0&#8243; simplified_controls=&#8221;no&#8221; custom_css_percentage=&#8221;no&#8221; padding_vertical=&#8221;0&#8243; padding_horizontal=&#8221;0&#8243; margin_vertical=&#8221;0&#8243; custom_css=&#8221;margin-top: 0px;margin-bottom: 0px;padding-top: 10px;&#8221; border_size=&#8221;0&#8243; border_styling_global=&#8221;default&#8221; width=&#8221;1\/1&#8243; el_position=&#8221;first last&#8221;] Une soci\u00e9t\u00e9 de gestion novatrice Solutions Fiducie est une soci\u00e9t\u00e9 de gestion, agr\u00e9ee par l\u2019Autorit\u00e9 des March\u00e9s Financiers (AMF), sous le num\u00e9ro GP-16000035 en date du 28\/12\/2016. Solutions Fiducie propose aux investisseurs professionnels des services de gestion sous mandat et de gestion collective. [&hellip;]","og_url":"https:\/\/pristine.finance\/en\/asset-management\/","og_site_name":"Pristine","article_modified_time":"2017-03-10T13:46:16+00:00","twitter_card":"summary_large_image","twitter_misc":{"Est. reading time":"3 minutes"},"schema":{"@context":"https:\/\/schema.org","@graph":[{"@type":"WebPage","@id":"https:\/\/pristine.finance\/en\/asset-management\/","url":"https:\/\/pristine.finance\/en\/asset-management\/","name":"Asset Management - Pristine","isPartOf":{"@id":"https:\/\/pristine.finance\/#website"},"datePublished":"2017-03-10T10:45:34+00:00","dateModified":"2017-03-10T13:46:16+00:00","breadcrumb":{"@id":"https:\/\/pristine.finance\/en\/asset-management\/#breadcrumb"},"inLanguage":"en-US","potentialAction":[{"@type":"ReadAction","target":["https:\/\/pristine.finance\/en\/asset-management\/"]}]},{"@type":"BreadcrumbList","@id":"https:\/\/pristine.finance\/en\/asset-management\/#breadcrumb","itemListElement":[{"@type":"ListItem","position":1,"name":"Accueil","item":"https:\/\/pristine.finance\/en\/"},{"@type":"ListItem","position":2,"name":"Asset Management"}]},{"@type":"WebSite","@id":"https:\/\/pristine.finance\/#website","url":"https:\/\/pristine.finance\/","name":"Pristine","description":"Fiducies & Fonds","potentialAction":[{"@type":"SearchAction","target":{"@type":"EntryPoint","urlTemplate":"https:\/\/pristine.finance\/?s={search_term_string}"},"query-input":"required name=search_term_string"}],"inLanguage":"en-US"}]}},"_links":{"self":[{"href":"https:\/\/pristine.finance\/en\/wp-json\/wp\/v2\/pages\/1714","targetHints":{"allow":["GET"]}}],"collection":[{"href":"https:\/\/pristine.finance\/en\/wp-json\/wp\/v2\/pages"}],"about":[{"href":"https:\/\/pristine.finance\/en\/wp-json\/wp\/v2\/types\/page"}],"author":[{"embeddable":true,"href":"https:\/\/pristine.finance\/en\/wp-json\/wp\/v2\/users\/1"}],"replies":[{"embeddable":true,"href":"https:\/\/pristine.finance\/en\/wp-json\/wp\/v2\/comments?post=1714"}],"version-history":[{"count":1,"href":"https:\/\/pristine.finance\/en\/wp-json\/wp\/v2\/pages\/1714\/revisions"}],"predecessor-version":[{"id":1728,"href":"https:\/\/pristine.finance\/en\/wp-json\/wp\/v2\/pages\/1714\/revisions\/1728"}],"wp:attachment":[{"href":"https:\/\/pristine.finance\/en\/wp-json\/wp\/v2\/media?parent=1714"}],"curies":[{"name":"wp","href":"https:\/\/api.w.org\/{rel}","templated":true}]}}