{"id":1702,"date":"2016-06-06T22:55:11","date_gmt":"2016-06-06T20:55:11","guid":{"rendered":"https:\/\/pristine.finance\/fundamentals\/french-law\/insurance-code\/"},"modified":"2022-01-11T20:23:20","modified_gmt":"2022-01-11T19:23:20","slug":"insurance-code","status":"publish","type":"page","link":"https:\/\/pristine.finance\/en\/fundamentals\/french-law\/insurance-code\/","title":{"rendered":"Insurance code"},"content":{"rendered":"<h3>Code des assurances<\/h3>\n<h5><a href=\"https:\/\/www.legifrance.gouv.fr\/affichCodeArticle.do?idArticle=LEGIARTI000029924338&amp;cidTexte=LEGITEXT000006073984&amp;dateTexte=20160606&amp;fastPos=153&amp;fastReqId=582723349&amp;oldAction=rechCodeArticle\">Article R332-14-2<\/a><\/h5>\n<p>Eligibilit\u00e9 \u00e0 l&#8217;actif des Fonds de Pr\u00eats \u00e0 l&#8217;\u00e9conomie des droits sur une\u00a0fiducie dont l&#8217;actif est exclusivement compos\u00e9 de cr\u00e9ances \u00e9ligibles.<\/p>\n<h5><a href=\"https:\/\/www.legifrance.gouv.fr\/affichCodeArticle.do?idArticle=LEGIARTI000030563660&amp;cidTexte=LEGITEXT000006073984&amp;dateTexte=20160606&amp;fastPos=154&amp;fastReqId=582723349&amp;oldAction=rechCodeArticle\">Article R351-25<\/a><\/h5>\n<p>Eligibilit\u00e9 des lettres de cr\u00e9dit et des garanties d\u00e9tenues par un fiduciaire ind\u00e9pendant au b\u00e9n\u00e9fice de cr\u00e9anciers d&#8217;assurance aux fonds propres de niveau 2.<\/p>\n","protected":false},"excerpt":{"rendered":"<p>Code des assurances Article R332-14-2 Eligibilit\u00e9 \u00e0 l&#8217;actif des Fonds de Pr\u00eats \u00e0 l&#8217;\u00e9conomie des droits sur une\u00a0fiducie dont l&#8217;actif est exclusivement compos\u00e9 de cr\u00e9ances \u00e9ligibles. Article R351-25 Eligibilit\u00e9 des lettres de cr\u00e9dit et des garanties d\u00e9tenues par un fiduciaire ind\u00e9pendant au b\u00e9n\u00e9fice de cr\u00e9anciers d&#8217;assurance aux fonds propres de niveau 2.<\/p>\n","protected":false},"author":1,"featured_media":0,"parent":1695,"menu_order":0,"comment_status":"closed","ping_status":"closed","template":"","meta":{"footnotes":""},"class_list":["post-1702","page","type-page","status-publish","hentry"],"yoast_head":"<!-- This site is optimized with the Yoast SEO plugin v22.3 - https:\/\/yoast.com\/wordpress\/plugins\/seo\/ -->\n<title>Insurance code - Pristine<\/title>\n<meta name=\"robots\" content=\"index, follow, max-snippet:-1, max-image-preview:large, max-video-preview:-1\" \/>\n<link rel=\"canonical\" href=\"https:\/\/pristine.finance\/en\/fundamentals\/french-law\/insurance-code\/\" \/>\n<meta property=\"og:locale\" content=\"en_US\" \/>\n<meta property=\"og:type\" content=\"article\" \/>\n<meta property=\"og:title\" content=\"Insurance code - Pristine\" \/>\n<meta property=\"og:description\" content=\"Code des assurances Article R332-14-2 Eligibilit\u00e9 \u00e0 l&#8217;actif des Fonds de Pr\u00eats \u00e0 l&#8217;\u00e9conomie des droits sur une\u00a0fiducie dont l&#8217;actif est exclusivement compos\u00e9 de cr\u00e9ances \u00e9ligibles. Article R351-25 Eligibilit\u00e9 des lettres de cr\u00e9dit et des garanties d\u00e9tenues par un fiduciaire ind\u00e9pendant au b\u00e9n\u00e9fice de cr\u00e9anciers d&#8217;assurance aux fonds propres de niveau 2.\" \/>\n<meta property=\"og:url\" content=\"https:\/\/pristine.finance\/en\/fundamentals\/french-law\/insurance-code\/\" \/>\n<meta property=\"og:site_name\" content=\"Pristine\" \/>\n<meta property=\"article:modified_time\" content=\"2022-01-11T19:23:20+00:00\" \/>\n<meta name=\"twitter:card\" content=\"summary_large_image\" \/>\n<meta name=\"twitter:label1\" content=\"Est. reading time\" \/>\n\t<meta name=\"twitter:data1\" content=\"1 minute\" \/>\n<script type=\"application\/ld+json\" class=\"yoast-schema-graph\">{\"@context\":\"https:\/\/schema.org\",\"@graph\":[{\"@type\":\"WebPage\",\"@id\":\"https:\/\/pristine.finance\/en\/fundamentals\/french-law\/insurance-code\/\",\"url\":\"https:\/\/pristine.finance\/en\/fundamentals\/french-law\/insurance-code\/\",\"name\":\"Insurance code - Pristine\",\"isPartOf\":{\"@id\":\"https:\/\/pristine.finance\/#website\"},\"datePublished\":\"2016-06-06T20:55:11+00:00\",\"dateModified\":\"2022-01-11T19:23:20+00:00\",\"breadcrumb\":{\"@id\":\"https:\/\/pristine.finance\/en\/fundamentals\/french-law\/insurance-code\/#breadcrumb\"},\"inLanguage\":\"en-US\",\"potentialAction\":[{\"@type\":\"ReadAction\",\"target\":[\"https:\/\/pristine.finance\/en\/fundamentals\/french-law\/insurance-code\/\"]}]},{\"@type\":\"BreadcrumbList\",\"@id\":\"https:\/\/pristine.finance\/en\/fundamentals\/french-law\/insurance-code\/#breadcrumb\",\"itemListElement\":[{\"@type\":\"ListItem\",\"position\":1,\"name\":\"Accueil\",\"item\":\"https:\/\/pristine.finance\/en\/\"},{\"@type\":\"ListItem\",\"position\":2,\"name\":\"Fundamentals\",\"item\":\"https:\/\/pristine.finance\/en\/fundamentals\/\"},{\"@type\":\"ListItem\",\"position\":3,\"name\":\"French law\",\"item\":\"https:\/\/pristine.finance\/en\/fundamentals\/french-law\/\"},{\"@type\":\"ListItem\",\"position\":4,\"name\":\"Insurance code\"}]},{\"@type\":\"WebSite\",\"@id\":\"https:\/\/pristine.finance\/#website\",\"url\":\"https:\/\/pristine.finance\/\",\"name\":\"Pristine\",\"description\":\"Fiducies & Fonds\",\"potentialAction\":[{\"@type\":\"SearchAction\",\"target\":{\"@type\":\"EntryPoint\",\"urlTemplate\":\"https:\/\/pristine.finance\/?s={search_term_string}\"},\"query-input\":\"required name=search_term_string\"}],\"inLanguage\":\"en-US\"}]}<\/script>\n<!-- \/ Yoast SEO plugin. -->","yoast_head_json":{"title":"Insurance code - Pristine","robots":{"index":"index","follow":"follow","max-snippet":"max-snippet:-1","max-image-preview":"max-image-preview:large","max-video-preview":"max-video-preview:-1"},"canonical":"https:\/\/pristine.finance\/en\/fundamentals\/french-law\/insurance-code\/","og_locale":"en_US","og_type":"article","og_title":"Insurance code - Pristine","og_description":"Code des assurances Article R332-14-2 Eligibilit\u00e9 \u00e0 l&#8217;actif des Fonds de Pr\u00eats \u00e0 l&#8217;\u00e9conomie des droits sur une\u00a0fiducie dont l&#8217;actif est exclusivement compos\u00e9 de cr\u00e9ances \u00e9ligibles. Article R351-25 Eligibilit\u00e9 des lettres de cr\u00e9dit et des garanties d\u00e9tenues par un fiduciaire ind\u00e9pendant au b\u00e9n\u00e9fice de cr\u00e9anciers d&#8217;assurance aux fonds propres de niveau 2.","og_url":"https:\/\/pristine.finance\/en\/fundamentals\/french-law\/insurance-code\/","og_site_name":"Pristine","article_modified_time":"2022-01-11T19:23:20+00:00","twitter_card":"summary_large_image","twitter_misc":{"Est. reading time":"1 minute"},"schema":{"@context":"https:\/\/schema.org","@graph":[{"@type":"WebPage","@id":"https:\/\/pristine.finance\/en\/fundamentals\/french-law\/insurance-code\/","url":"https:\/\/pristine.finance\/en\/fundamentals\/french-law\/insurance-code\/","name":"Insurance code - Pristine","isPartOf":{"@id":"https:\/\/pristine.finance\/#website"},"datePublished":"2016-06-06T20:55:11+00:00","dateModified":"2022-01-11T19:23:20+00:00","breadcrumb":{"@id":"https:\/\/pristine.finance\/en\/fundamentals\/french-law\/insurance-code\/#breadcrumb"},"inLanguage":"en-US","potentialAction":[{"@type":"ReadAction","target":["https:\/\/pristine.finance\/en\/fundamentals\/french-law\/insurance-code\/"]}]},{"@type":"BreadcrumbList","@id":"https:\/\/pristine.finance\/en\/fundamentals\/french-law\/insurance-code\/#breadcrumb","itemListElement":[{"@type":"ListItem","position":1,"name":"Accueil","item":"https:\/\/pristine.finance\/en\/"},{"@type":"ListItem","position":2,"name":"Fundamentals","item":"https:\/\/pristine.finance\/en\/fundamentals\/"},{"@type":"ListItem","position":3,"name":"French law","item":"https:\/\/pristine.finance\/en\/fundamentals\/french-law\/"},{"@type":"ListItem","position":4,"name":"Insurance code"}]},{"@type":"WebSite","@id":"https:\/\/pristine.finance\/#website","url":"https:\/\/pristine.finance\/","name":"Pristine","description":"Fiducies & Fonds","potentialAction":[{"@type":"SearchAction","target":{"@type":"EntryPoint","urlTemplate":"https:\/\/pristine.finance\/?s={search_term_string}"},"query-input":"required name=search_term_string"}],"inLanguage":"en-US"}]}},"_links":{"self":[{"href":"https:\/\/pristine.finance\/en\/wp-json\/wp\/v2\/pages\/1702","targetHints":{"allow":["GET"]}}],"collection":[{"href":"https:\/\/pristine.finance\/en\/wp-json\/wp\/v2\/pages"}],"about":[{"href":"https:\/\/pristine.finance\/en\/wp-json\/wp\/v2\/types\/page"}],"author":[{"embeddable":true,"href":"https:\/\/pristine.finance\/en\/wp-json\/wp\/v2\/users\/1"}],"replies":[{"embeddable":true,"href":"https:\/\/pristine.finance\/en\/wp-json\/wp\/v2\/comments?post=1702"}],"version-history":[{"count":2,"href":"https:\/\/pristine.finance\/en\/wp-json\/wp\/v2\/pages\/1702\/revisions"}],"predecessor-version":[{"id":4741,"href":"https:\/\/pristine.finance\/en\/wp-json\/wp\/v2\/pages\/1702\/revisions\/4741"}],"up":[{"embeddable":true,"href":"https:\/\/pristine.finance\/en\/wp-json\/wp\/v2\/pages\/1695"}],"wp:attachment":[{"href":"https:\/\/pristine.finance\/en\/wp-json\/wp\/v2\/media?parent=1702"}],"curies":[{"name":"wp","href":"https:\/\/api.w.org\/{rel}","templated":true}]}}