{"id":1701,"date":"2017-03-10T11:25:13","date_gmt":"2017-03-10T10:25:13","guid":{"rendered":"https:\/\/pristine.finance\/fundamentals\/french-law\/monetary-and-financial-code\/"},"modified":"2017-03-10T11:25:13","modified_gmt":"2017-03-10T10:25:13","slug":"monetary-and-financial-code","status":"publish","type":"page","link":"https:\/\/pristine.finance\/en\/fundamentals\/french-law\/monetary-and-financial-code\/","title":{"rendered":"Monetary and financial code"},"content":{"rendered":"<h3>La Fiducie dans le Code mon\u00e9taire et financier<\/h3>\n<p><a href=\"https:\/\/www.legifrance.gouv.fr\/affichCodeArticle.do?idArticle=LEGIARTI000031969359&amp;cidTexte=LEGITEXT000006072026&amp;dateTexte=20160606&amp;fastPos=138&amp;fastReqId=582723349&amp;oldAction=rechCodeArticle\">Article L451-2<\/a> Pr\u00e9semption d&#8217;action de concert entre le\u00a0fiduciaire et le b\u00e9n\u00e9ficiaire d&#8217;un contrat de fiducie, si ce b\u00e9n\u00e9ficiaire est le constituant. <a href=\"https:\/\/www.legifrance.gouv.fr\/affichCodeArticle.do?idArticle=LEGIARTI000030054146&amp;cidTexte=LEGITEXT000006072026&amp;dateTexte=20160606&amp;fastPos=139&amp;fastReqId=582723349&amp;oldAction=rechCodeArticle\">Article L500-1<\/a>,\u00a0<a href=\"https:\/\/www.legifrance.gouv.fr\/affichCodeArticle.do?idArticle=LEGIARTI000025820359&amp;cidTexte=LEGITEXT000006072026&amp;dateTexte=20160606&amp;fastPos=140&amp;fastReqId=582723349&amp;oldAction=rechCodeArticle\">Article R561-36<\/a>,\u00a0\u00a0<a href=\"https:\/\/www.legifrance.gouv.fr\/affichCodeArticle.do?idArticle=LEGIARTI000027850451&amp;cidTexte=LEGITEXT000006072026&amp;dateTexte=20160606&amp;fastPos=141&amp;fastReqId=582723349&amp;oldAction=rechCodeArticle\">Article L561-3<\/a>,\u00a0<a href=\"https:\/\/www.legifrance.gouv.fr\/affichCodeArticle.do?idArticle=LEGIARTI000023480398&amp;cidTexte=LEGITEXT000006072026&amp;dateTexte=20160606&amp;fastPos=144&amp;fastReqId=582723349&amp;oldAction=rechCodeArticle\">Article L561-17<\/a>,\u00a0<a href=\"https:\/\/www.legifrance.gouv.fr\/affichCodeArticle.do?idArticle=LEGIARTI000030939749&amp;cidTexte=LEGITEXT000006072026&amp;dateTexte=20160606&amp;fastPos=145&amp;fastReqId=582723349&amp;oldAction=rechCodeArticle\">Article L561-26<\/a>,\u00a0<a href=\"https:\/\/www.legifrance.gouv.fr\/affichCodeArticle.do?idArticle=LEGIARTI000021020674&amp;cidTexte=LEGITEXT000006072026&amp;dateTexte=20160606&amp;fastPos=149&amp;fastReqId=582723349&amp;oldAction=rechCodeArticle\">Article R561-25<\/a>\u00a0et\u00a0<a href=\"https:\/\/www.legifrance.gouv.fr\/affichCodeArticle.do?idArticle=LEGIARTI000025820361&amp;cidTexte=LEGITEXT000006072026&amp;dateTexte=20160606&amp;fastPos=150&amp;fastReqId=582723349&amp;oldAction=rechCodeArticle\">Article R561-26<\/a> Dispositions diverses s&#8217;appliquant de fa\u00e7on d\u00e9rogatoire \u00e0 l&#8217;avocat agissant en qualit\u00e9 de Fiduciaire au regard des proc\u00e9dures de lutte contre le blanchiment. <a href=\"https:\/\/www.legifrance.gouv.fr\/affichCodeArticle.do?idArticle=LEGIARTI000031082146&amp;cidTexte=LEGITEXT000006072026&amp;dateTexte=20160606&amp;fastPos=146&amp;fastReqId=582723349&amp;oldAction=rechCodeArticle\">Article L613-55-1<\/a> Exclusion des engagements du Fiduciaire \u00e0 l&#8217;\u00e9gard du b\u00e9n\u00e9ficiaire de toute proc\u00e9dure de r\u00e9solution. <em>Note : la proc\u00e9dure de r\u00e9solution introduite en 2015 permet aux banques d&#8217;organiser \u00e0 l&#8217;avance la r\u00e9solution de leur insolvabilit\u00e9, par imputation aux diff\u00e9rentes classes de cr\u00e9anciers des abandons de cr\u00e9ances.<\/em> <a href=\"https:\/\/www.legifrance.gouv.fr\/affichCodeArticle.do?idArticle=LEGIARTI000021020557&amp;cidTexte=LEGITEXT000006072026&amp;dateTexte=20160606&amp;fastPos=148&amp;fastReqId=582723349&amp;oldAction=rechCodeArticle\">Article R561-3<\/a> D\u00e9finition du b\u00e9n\u00e9ficiaire effectif r\u00e9sultant des contrats de Fiducie dans le cadre de la lutte contre le blanchiment.<\/p>\n<p style=\"text-align: center;\">[maxbutton name=&#8221;retourtexte&#8221;]<\/p>\n","protected":false},"excerpt":{"rendered":"<p>La Fiducie dans le Code mon\u00e9taire et financier Article L451-2 Pr\u00e9semption d&#8217;action de concert entre le\u00a0fiduciaire et le b\u00e9n\u00e9ficiaire d&#8217;un contrat de fiducie, si ce b\u00e9n\u00e9ficiaire est le constituant. Article L500-1,\u00a0Article R561-36,\u00a0\u00a0Article L561-3,\u00a0Article L561-17,\u00a0Article L561-26,\u00a0Article R561-25\u00a0et\u00a0Article R561-26 Dispositions diverses s&#8217;appliquant de fa\u00e7on d\u00e9rogatoire \u00e0 l&#8217;avocat agissant en qualit\u00e9 de Fiduciaire au regard des proc\u00e9dures de lutte contre le blanchiment. Article [&hellip;]<\/p>\n","protected":false},"author":1,"featured_media":0,"parent":1695,"menu_order":0,"comment_status":"closed","ping_status":"closed","template":"","meta":{"footnotes":""},"class_list":["post-1701","page","type-page","status-publish","hentry"],"yoast_head":"<!-- This site is optimized with the Yoast SEO plugin v22.3 - https:\/\/yoast.com\/wordpress\/plugins\/seo\/ -->\n<title>Monetary and financial code - Pristine<\/title>\n<meta name=\"robots\" content=\"index, follow, max-snippet:-1, max-image-preview:large, max-video-preview:-1\" \/>\n<link rel=\"canonical\" href=\"https:\/\/pristine.finance\/en\/fundamentals\/french-law\/monetary-and-financial-code\/\" \/>\n<meta property=\"og:locale\" content=\"en_US\" \/>\n<meta property=\"og:type\" content=\"article\" \/>\n<meta property=\"og:title\" content=\"Monetary and financial code - Pristine\" \/>\n<meta property=\"og:description\" content=\"La Fiducie dans le Code mon\u00e9taire et financier Article L451-2 Pr\u00e9semption d&#8217;action de concert entre le\u00a0fiduciaire et le b\u00e9n\u00e9ficiaire d&#8217;un contrat de fiducie, si ce b\u00e9n\u00e9ficiaire est le constituant. Article L500-1,\u00a0Article R561-36,\u00a0\u00a0Article L561-3,\u00a0Article L561-17,\u00a0Article L561-26,\u00a0Article R561-25\u00a0et\u00a0Article R561-26 Dispositions diverses s&#8217;appliquant de fa\u00e7on d\u00e9rogatoire \u00e0 l&#8217;avocat agissant en qualit\u00e9 de Fiduciaire au regard des proc\u00e9dures de lutte contre le blanchiment. Article [&hellip;]\" \/>\n<meta property=\"og:url\" content=\"https:\/\/pristine.finance\/en\/fundamentals\/french-law\/monetary-and-financial-code\/\" \/>\n<meta property=\"og:site_name\" content=\"Pristine\" \/>\n<meta name=\"twitter:card\" content=\"summary_large_image\" \/>\n<meta name=\"twitter:label1\" content=\"Est. reading time\" \/>\n\t<meta name=\"twitter:data1\" content=\"1 minute\" \/>\n<script type=\"application\/ld+json\" class=\"yoast-schema-graph\">{\"@context\":\"https:\/\/schema.org\",\"@graph\":[{\"@type\":\"WebPage\",\"@id\":\"https:\/\/pristine.finance\/en\/fundamentals\/french-law\/monetary-and-financial-code\/\",\"url\":\"https:\/\/pristine.finance\/en\/fundamentals\/french-law\/monetary-and-financial-code\/\",\"name\":\"Monetary and financial code - Pristine\",\"isPartOf\":{\"@id\":\"https:\/\/pristine.finance\/#website\"},\"datePublished\":\"2017-03-10T10:25:13+00:00\",\"dateModified\":\"2017-03-10T10:25:13+00:00\",\"breadcrumb\":{\"@id\":\"https:\/\/pristine.finance\/en\/fundamentals\/french-law\/monetary-and-financial-code\/#breadcrumb\"},\"inLanguage\":\"en-US\",\"potentialAction\":[{\"@type\":\"ReadAction\",\"target\":[\"https:\/\/pristine.finance\/en\/fundamentals\/french-law\/monetary-and-financial-code\/\"]}]},{\"@type\":\"BreadcrumbList\",\"@id\":\"https:\/\/pristine.finance\/en\/fundamentals\/french-law\/monetary-and-financial-code\/#breadcrumb\",\"itemListElement\":[{\"@type\":\"ListItem\",\"position\":1,\"name\":\"Accueil\",\"item\":\"https:\/\/pristine.finance\/en\/\"},{\"@type\":\"ListItem\",\"position\":2,\"name\":\"Fundamentals\",\"item\":\"https:\/\/pristine.finance\/en\/fundamentals\/\"},{\"@type\":\"ListItem\",\"position\":3,\"name\":\"French law\",\"item\":\"https:\/\/pristine.finance\/en\/fundamentals\/french-law\/\"},{\"@type\":\"ListItem\",\"position\":4,\"name\":\"Monetary and financial code\"}]},{\"@type\":\"WebSite\",\"@id\":\"https:\/\/pristine.finance\/#website\",\"url\":\"https:\/\/pristine.finance\/\",\"name\":\"Pristine\",\"description\":\"Fiducies & Fonds\",\"potentialAction\":[{\"@type\":\"SearchAction\",\"target\":{\"@type\":\"EntryPoint\",\"urlTemplate\":\"https:\/\/pristine.finance\/?s={search_term_string}\"},\"query-input\":\"required name=search_term_string\"}],\"inLanguage\":\"en-US\"}]}<\/script>\n<!-- \/ Yoast SEO plugin. -->","yoast_head_json":{"title":"Monetary and financial code - Pristine","robots":{"index":"index","follow":"follow","max-snippet":"max-snippet:-1","max-image-preview":"max-image-preview:large","max-video-preview":"max-video-preview:-1"},"canonical":"https:\/\/pristine.finance\/en\/fundamentals\/french-law\/monetary-and-financial-code\/","og_locale":"en_US","og_type":"article","og_title":"Monetary and financial code - Pristine","og_description":"La Fiducie dans le Code mon\u00e9taire et financier Article L451-2 Pr\u00e9semption d&#8217;action de concert entre le\u00a0fiduciaire et le b\u00e9n\u00e9ficiaire d&#8217;un contrat de fiducie, si ce b\u00e9n\u00e9ficiaire est le constituant. Article L500-1,\u00a0Article R561-36,\u00a0\u00a0Article L561-3,\u00a0Article L561-17,\u00a0Article L561-26,\u00a0Article R561-25\u00a0et\u00a0Article R561-26 Dispositions diverses s&#8217;appliquant de fa\u00e7on d\u00e9rogatoire \u00e0 l&#8217;avocat agissant en qualit\u00e9 de Fiduciaire au regard des proc\u00e9dures de lutte contre le blanchiment. Article [&hellip;]","og_url":"https:\/\/pristine.finance\/en\/fundamentals\/french-law\/monetary-and-financial-code\/","og_site_name":"Pristine","twitter_card":"summary_large_image","twitter_misc":{"Est. reading time":"1 minute"},"schema":{"@context":"https:\/\/schema.org","@graph":[{"@type":"WebPage","@id":"https:\/\/pristine.finance\/en\/fundamentals\/french-law\/monetary-and-financial-code\/","url":"https:\/\/pristine.finance\/en\/fundamentals\/french-law\/monetary-and-financial-code\/","name":"Monetary and financial code - Pristine","isPartOf":{"@id":"https:\/\/pristine.finance\/#website"},"datePublished":"2017-03-10T10:25:13+00:00","dateModified":"2017-03-10T10:25:13+00:00","breadcrumb":{"@id":"https:\/\/pristine.finance\/en\/fundamentals\/french-law\/monetary-and-financial-code\/#breadcrumb"},"inLanguage":"en-US","potentialAction":[{"@type":"ReadAction","target":["https:\/\/pristine.finance\/en\/fundamentals\/french-law\/monetary-and-financial-code\/"]}]},{"@type":"BreadcrumbList","@id":"https:\/\/pristine.finance\/en\/fundamentals\/french-law\/monetary-and-financial-code\/#breadcrumb","itemListElement":[{"@type":"ListItem","position":1,"name":"Accueil","item":"https:\/\/pristine.finance\/en\/"},{"@type":"ListItem","position":2,"name":"Fundamentals","item":"https:\/\/pristine.finance\/en\/fundamentals\/"},{"@type":"ListItem","position":3,"name":"French law","item":"https:\/\/pristine.finance\/en\/fundamentals\/french-law\/"},{"@type":"ListItem","position":4,"name":"Monetary and financial code"}]},{"@type":"WebSite","@id":"https:\/\/pristine.finance\/#website","url":"https:\/\/pristine.finance\/","name":"Pristine","description":"Fiducies & Fonds","potentialAction":[{"@type":"SearchAction","target":{"@type":"EntryPoint","urlTemplate":"https:\/\/pristine.finance\/?s={search_term_string}"},"query-input":"required name=search_term_string"}],"inLanguage":"en-US"}]}},"_links":{"self":[{"href":"https:\/\/pristine.finance\/en\/wp-json\/wp\/v2\/pages\/1701","targetHints":{"allow":["GET"]}}],"collection":[{"href":"https:\/\/pristine.finance\/en\/wp-json\/wp\/v2\/pages"}],"about":[{"href":"https:\/\/pristine.finance\/en\/wp-json\/wp\/v2\/types\/page"}],"author":[{"embeddable":true,"href":"https:\/\/pristine.finance\/en\/wp-json\/wp\/v2\/users\/1"}],"replies":[{"embeddable":true,"href":"https:\/\/pristine.finance\/en\/wp-json\/wp\/v2\/comments?post=1701"}],"version-history":[{"count":0,"href":"https:\/\/pristine.finance\/en\/wp-json\/wp\/v2\/pages\/1701\/revisions"}],"up":[{"embeddable":true,"href":"https:\/\/pristine.finance\/en\/wp-json\/wp\/v2\/pages\/1695"}],"wp:attachment":[{"href":"https:\/\/pristine.finance\/en\/wp-json\/wp\/v2\/media?parent=1701"}],"curies":[{"name":"wp","href":"https:\/\/api.w.org\/{rel}","templated":true}]}}