{"id":1692,"date":"2016-08-23T13:13:34","date_gmt":"2016-08-23T11:13:34","guid":{"rendered":"https:\/\/pristine.finance\/contact\/"},"modified":"2025-10-20T17:59:37","modified_gmt":"2025-10-20T15:59:37","slug":"contact","status":"publish","type":"page","link":"https:\/\/pristine.finance\/en\/contact\/","title":{"rendered":"Contact"},"content":{"rendered":"[spb_blank_spacer height=&#8221;100px&#8221; width=&#8221;1\/1&#8243; el_position=&#8221;first last&#8221;] [spb_text_block animation=&#8221;none&#8221; animation_delay=&#8221;0&#8243; simplified_controls=&#8221;yes&#8221; custom_css_percentage=&#8221;no&#8221; padding_vertical=&#8221;0&#8243; padding_horizontal=&#8221;0&#8243; margin_vertical=&#8221;0&#8243; custom_css=&#8221;margin-top: 0px;margin-bottom: 0px;&#8221; border_size=&#8221;0&#8243; border_styling_global=&#8221;default&#8221; width=&#8221;1\/1&#8243; el_position=&#8221;first last&#8221;]\n<p><span style=\"text-decoration: underline;\"><strong>Pour tous les pr\u00e9l\u00e8vements effectu\u00e9s depuis PRISTINE FIDUCIE GESTION CGRM &#8211; SPVIE<\/strong><\/span><\/p>\n<p>Nous vous confirmons qu\u2019il ne s\u2019agit pas d\u2019une erreur ni d\u2019un pr\u00e9l\u00e8vement frauduleux. Ce changement avait \u00e9t\u00e9 annonc\u00e9 par la CGRM dans une <a href=\"https:\/\/pristine.finance\/wp-content\/uploads\/2025\/10\/Mailing_CGRM_230925_Pristine.pdf\">premi\u00e8re communication envoy\u00e9e le 24 septembre<\/a>, puis <a href=\"https:\/\/pristine.finance\/wp-content\/uploads\/2025\/10\/R1_Mailing_CGRM_201025_Pristine.pdf\">rappel\u00e9 une seconde fois ce 20 octobre<\/a> en raison d\u2019un grand nombre d\u2019appels d\u2019adh\u00e9rents.<\/p>\n<p>Il s\u2019agit uniquement d\u2019une \u00e9volution administrative : les pr\u00e9l\u00e8vements sont d\u00e9sormais r\u00e9alis\u00e9s via un compte de fiducie g\u00e9r\u00e9 par Pristine en partenariat avec les assureurs. Cela n\u2019a aucun impact sur votre contrat.<\/p>\n<p>Il n&#8217;y a donc aucun changement sur vos garanties, vos tarifs, vos remboursements ou vos interlocuteurs CGRM. Vous n\u2019avez aucune d\u00e9marche \u00e0 effectuer et votre gestionnaire reste CGRM comme d\u2019habitude.<\/p>\n<p>CGRM reste disponible \u00e0 <strong><a href=\"mailto:comptabilite@cgrm.com\">comptabilite@cgrm.com<\/a><\/strong> ou au<strong> 03 28 21 02 10.<\/strong><\/p>\n[\/spb_text_block] [spb_blank_spacer height=&#8221;50px&#8221; width=&#8221;1\/1&#8243; el_position=&#8221;first last&#8221;] [spb_text_block animation=&#8221;none&#8221; animation_delay=&#8221;0&#8243; simplified_controls=&#8221;yes&#8221; custom_css_percentage=&#8221;no&#8221; padding_vertical=&#8221;0&#8243; padding_horizontal=&#8221;0&#8243; margin_vertical=&#8221;0&#8243; custom_css=&#8221;margin-top: 0px;margin-bottom: 0px;&#8221; border_size=&#8221;0&#8243; border_styling_global=&#8221;default&#8221; width=&#8221;1\/1&#8243; el_position=&#8221;first last&#8221;]\n<hr \/>\n<p>&nbsp;<\/p>\n[\/spb_text_block] [spb_text_block animation=&#8221;none&#8221; animation_delay=&#8221;0&#8243; simplified_controls=&#8221;yes&#8221; custom_css_percentage=&#8221;no&#8221; padding_vertical=&#8221;0&#8243; padding_horizontal=&#8221;0&#8243; margin_vertical=&#8221;0&#8243; custom_css=&#8221;margin-top: 0px;margin-bottom: 0px;&#8221; border_size=&#8221;0&#8243; border_styling_global=&#8221;default&#8221; width=&#8221;1\/1&#8243; el_position=&#8221;first last&#8221;]\n<p>Pour tous les <span style=\"text-decoration: underline;\">autres sujets<\/span>, vous pouvez contacter la soci\u00e9t\u00e9 Pristine aux coordonn\u00e9es suivantes :<\/p>\n<p><img loading=\"lazy\" decoding=\"async\" class=\"wp-image-4682\" src=\"https:\/\/pristine.finance\/wp-content\/uploads\/2022\/01\/logo-pristine-300x55.jpg\" alt=\"\" width=\"202\" height=\"37\" srcset=\"https:\/\/pristine.finance\/wp-content\/uploads\/2022\/01\/logo-pristine-300x55.jpg 300w, https:\/\/pristine.finance\/wp-content\/uploads\/2022\/01\/logo-pristine.jpg 406w\" sizes=\"auto, (max-width: 202px) 100vw, 202px\" \/><\/p>\n<p>41, avenue George V<br \/>\n75008 Paris, France<br \/>\n<a href=\"mailto:contact@pristine.finance\">contact@pristine.finance<\/a><br \/>\nT. + 33 1 84 88 00 40<\/p>\n[\/spb_text_block] [spb_blank_spacer height=&#8221;80px&#8221; width=&#8221;1\/1&#8243; el_position=&#8221;first last&#8221;]\n","protected":false},"excerpt":{"rendered":"<p>[spb_blank_spacer height=&#8221;100px&#8221; width=&#8221;1\/1&#8243; el_position=&#8221;first last&#8221;] [spb_text_block animation=&#8221;none&#8221; animation_delay=&#8221;0&#8243; simplified_controls=&#8221;yes&#8221; custom_css_percentage=&#8221;no&#8221; padding_vertical=&#8221;0&#8243; padding_horizontal=&#8221;0&#8243; margin_vertical=&#8221;0&#8243; custom_css=&#8221;margin-top: 0px;margin-bottom: 0px;&#8221; border_size=&#8221;0&#8243; border_styling_global=&#8221;default&#8221; width=&#8221;1\/1&#8243; el_position=&#8221;first last&#8221;] Pour tous les pr\u00e9l\u00e8vements effectu\u00e9s depuis PRISTINE FIDUCIE GESTION CGRM &#8211; SPVIE Nous vous confirmons qu\u2019il ne s\u2019agit pas d\u2019une erreur ni d\u2019un pr\u00e9l\u00e8vement frauduleux. Ce changement avait \u00e9t\u00e9 annonc\u00e9 par la CGRM dans une premi\u00e8re communication envoy\u00e9e le [&hellip;]<\/p>\n","protected":false},"author":1,"featured_media":0,"parent":0,"menu_order":0,"comment_status":"closed","ping_status":"closed","template":"","meta":{"footnotes":""},"class_list":["post-1692","page","type-page","status-publish","hentry"],"yoast_head":"<!-- This site is optimized with the Yoast SEO plugin v22.3 - https:\/\/yoast.com\/wordpress\/plugins\/seo\/ -->\n<title>Contact - Pristine<\/title>\n<meta name=\"robots\" content=\"index, follow, max-snippet:-1, max-image-preview:large, max-video-preview:-1\" \/>\n<link rel=\"canonical\" href=\"https:\/\/pristine.finance\/en\/contact\/\" \/>\n<meta property=\"og:locale\" content=\"en_US\" \/>\n<meta property=\"og:type\" content=\"article\" \/>\n<meta property=\"og:title\" content=\"Contact - Pristine\" \/>\n<meta property=\"og:description\" content=\"[spb_blank_spacer height=&#8221;100px&#8221; width=&#8221;1\/1&#8243; el_position=&#8221;first last&#8221;] [spb_text_block animation=&#8221;none&#8221; animation_delay=&#8221;0&#8243; simplified_controls=&#8221;yes&#8221; custom_css_percentage=&#8221;no&#8221; padding_vertical=&#8221;0&#8243; padding_horizontal=&#8221;0&#8243; margin_vertical=&#8221;0&#8243; custom_css=&#8221;margin-top: 0px;margin-bottom: 0px;&#8221; border_size=&#8221;0&#8243; border_styling_global=&#8221;default&#8221; width=&#8221;1\/1&#8243; el_position=&#8221;first last&#8221;] Pour tous les pr\u00e9l\u00e8vements effectu\u00e9s depuis PRISTINE FIDUCIE GESTION CGRM &#8211; SPVIE Nous vous confirmons qu\u2019il ne s\u2019agit pas d\u2019une erreur ni d\u2019un pr\u00e9l\u00e8vement frauduleux. Ce changement avait \u00e9t\u00e9 annonc\u00e9 par la CGRM dans une premi\u00e8re communication envoy\u00e9e le [&hellip;]\" \/>\n<meta property=\"og:url\" content=\"https:\/\/pristine.finance\/en\/contact\/\" \/>\n<meta property=\"og:site_name\" content=\"Pristine\" \/>\n<meta property=\"article:modified_time\" content=\"2025-10-20T15:59:37+00:00\" \/>\n<meta property=\"og:image\" content=\"https:\/\/pristine.finance\/wp-content\/uploads\/2022\/01\/logo-pristine-300x55.jpg\" \/>\n<meta name=\"twitter:card\" content=\"summary_large_image\" \/>\n<meta name=\"twitter:label1\" content=\"Est. reading time\" \/>\n\t<meta name=\"twitter:data1\" content=\"2 minutes\" \/>\n<script type=\"application\/ld+json\" class=\"yoast-schema-graph\">{\"@context\":\"https:\/\/schema.org\",\"@graph\":[{\"@type\":\"WebPage\",\"@id\":\"https:\/\/pristine.finance\/en\/contact\/\",\"url\":\"https:\/\/pristine.finance\/en\/contact\/\",\"name\":\"Contact - Pristine\",\"isPartOf\":{\"@id\":\"https:\/\/pristine.finance\/#website\"},\"primaryImageOfPage\":{\"@id\":\"https:\/\/pristine.finance\/en\/contact\/#primaryimage\"},\"image\":{\"@id\":\"https:\/\/pristine.finance\/en\/contact\/#primaryimage\"},\"thumbnailUrl\":\"https:\/\/pristine.finance\/wp-content\/uploads\/2022\/01\/logo-pristine-300x55.jpg\",\"datePublished\":\"2016-08-23T11:13:34+00:00\",\"dateModified\":\"2025-10-20T15:59:37+00:00\",\"breadcrumb\":{\"@id\":\"https:\/\/pristine.finance\/en\/contact\/#breadcrumb\"},\"inLanguage\":\"en-US\",\"potentialAction\":[{\"@type\":\"ReadAction\",\"target\":[\"https:\/\/pristine.finance\/en\/contact\/\"]}]},{\"@type\":\"ImageObject\",\"inLanguage\":\"en-US\",\"@id\":\"https:\/\/pristine.finance\/en\/contact\/#primaryimage\",\"url\":\"https:\/\/pristine.finance\/wp-content\/uploads\/2022\/01\/logo-pristine.jpg\",\"contentUrl\":\"https:\/\/pristine.finance\/wp-content\/uploads\/2022\/01\/logo-pristine.jpg\",\"width\":406,\"height\":75},{\"@type\":\"BreadcrumbList\",\"@id\":\"https:\/\/pristine.finance\/en\/contact\/#breadcrumb\",\"itemListElement\":[{\"@type\":\"ListItem\",\"position\":1,\"name\":\"Accueil\",\"item\":\"https:\/\/pristine.finance\/en\/\"},{\"@type\":\"ListItem\",\"position\":2,\"name\":\"Contact\"}]},{\"@type\":\"WebSite\",\"@id\":\"https:\/\/pristine.finance\/#website\",\"url\":\"https:\/\/pristine.finance\/\",\"name\":\"Pristine\",\"description\":\"Fiducies & Fonds\",\"potentialAction\":[{\"@type\":\"SearchAction\",\"target\":{\"@type\":\"EntryPoint\",\"urlTemplate\":\"https:\/\/pristine.finance\/?s={search_term_string}\"},\"query-input\":\"required name=search_term_string\"}],\"inLanguage\":\"en-US\"}]}<\/script>\n<!-- \/ Yoast SEO plugin. -->","yoast_head_json":{"title":"Contact - Pristine","robots":{"index":"index","follow":"follow","max-snippet":"max-snippet:-1","max-image-preview":"max-image-preview:large","max-video-preview":"max-video-preview:-1"},"canonical":"https:\/\/pristine.finance\/en\/contact\/","og_locale":"en_US","og_type":"article","og_title":"Contact - Pristine","og_description":"[spb_blank_spacer height=&#8221;100px&#8221; width=&#8221;1\/1&#8243; el_position=&#8221;first last&#8221;] [spb_text_block animation=&#8221;none&#8221; animation_delay=&#8221;0&#8243; simplified_controls=&#8221;yes&#8221; custom_css_percentage=&#8221;no&#8221; padding_vertical=&#8221;0&#8243; padding_horizontal=&#8221;0&#8243; margin_vertical=&#8221;0&#8243; custom_css=&#8221;margin-top: 0px;margin-bottom: 0px;&#8221; border_size=&#8221;0&#8243; border_styling_global=&#8221;default&#8221; width=&#8221;1\/1&#8243; el_position=&#8221;first last&#8221;] Pour tous les pr\u00e9l\u00e8vements effectu\u00e9s depuis PRISTINE FIDUCIE GESTION CGRM &#8211; SPVIE Nous vous confirmons qu\u2019il ne s\u2019agit pas d\u2019une erreur ni d\u2019un pr\u00e9l\u00e8vement frauduleux. Ce changement avait \u00e9t\u00e9 annonc\u00e9 par la CGRM dans une premi\u00e8re communication envoy\u00e9e le [&hellip;]","og_url":"https:\/\/pristine.finance\/en\/contact\/","og_site_name":"Pristine","article_modified_time":"2025-10-20T15:59:37+00:00","og_image":[{"url":"https:\/\/pristine.finance\/wp-content\/uploads\/2022\/01\/logo-pristine-300x55.jpg"}],"twitter_card":"summary_large_image","twitter_misc":{"Est. reading time":"2 minutes"},"schema":{"@context":"https:\/\/schema.org","@graph":[{"@type":"WebPage","@id":"https:\/\/pristine.finance\/en\/contact\/","url":"https:\/\/pristine.finance\/en\/contact\/","name":"Contact - Pristine","isPartOf":{"@id":"https:\/\/pristine.finance\/#website"},"primaryImageOfPage":{"@id":"https:\/\/pristine.finance\/en\/contact\/#primaryimage"},"image":{"@id":"https:\/\/pristine.finance\/en\/contact\/#primaryimage"},"thumbnailUrl":"https:\/\/pristine.finance\/wp-content\/uploads\/2022\/01\/logo-pristine-300x55.jpg","datePublished":"2016-08-23T11:13:34+00:00","dateModified":"2025-10-20T15:59:37+00:00","breadcrumb":{"@id":"https:\/\/pristine.finance\/en\/contact\/#breadcrumb"},"inLanguage":"en-US","potentialAction":[{"@type":"ReadAction","target":["https:\/\/pristine.finance\/en\/contact\/"]}]},{"@type":"ImageObject","inLanguage":"en-US","@id":"https:\/\/pristine.finance\/en\/contact\/#primaryimage","url":"https:\/\/pristine.finance\/wp-content\/uploads\/2022\/01\/logo-pristine.jpg","contentUrl":"https:\/\/pristine.finance\/wp-content\/uploads\/2022\/01\/logo-pristine.jpg","width":406,"height":75},{"@type":"BreadcrumbList","@id":"https:\/\/pristine.finance\/en\/contact\/#breadcrumb","itemListElement":[{"@type":"ListItem","position":1,"name":"Accueil","item":"https:\/\/pristine.finance\/en\/"},{"@type":"ListItem","position":2,"name":"Contact"}]},{"@type":"WebSite","@id":"https:\/\/pristine.finance\/#website","url":"https:\/\/pristine.finance\/","name":"Pristine","description":"Fiducies & Fonds","potentialAction":[{"@type":"SearchAction","target":{"@type":"EntryPoint","urlTemplate":"https:\/\/pristine.finance\/?s={search_term_string}"},"query-input":"required name=search_term_string"}],"inLanguage":"en-US"}]}},"_links":{"self":[{"href":"https:\/\/pristine.finance\/en\/wp-json\/wp\/v2\/pages\/1692","targetHints":{"allow":["GET"]}}],"collection":[{"href":"https:\/\/pristine.finance\/en\/wp-json\/wp\/v2\/pages"}],"about":[{"href":"https:\/\/pristine.finance\/en\/wp-json\/wp\/v2\/types\/page"}],"author":[{"embeddable":true,"href":"https:\/\/pristine.finance\/en\/wp-json\/wp\/v2\/users\/1"}],"replies":[{"embeddable":true,"href":"https:\/\/pristine.finance\/en\/wp-json\/wp\/v2\/comments?post=1692"}],"version-history":[{"count":13,"href":"https:\/\/pristine.finance\/en\/wp-json\/wp\/v2\/pages\/1692\/revisions"}],"predecessor-version":[{"id":5783,"href":"https:\/\/pristine.finance\/en\/wp-json\/wp\/v2\/pages\/1692\/revisions\/5783"}],"wp:attachment":[{"href":"https:\/\/pristine.finance\/en\/wp-json\/wp\/v2\/media?parent=1692"}],"curies":[{"name":"wp","href":"https:\/\/api.w.org\/{rel}","templated":true}]}}